{"id":1627,"date":"2025-02-23T19:27:26","date_gmt":"2025-02-23T22:27:26","guid":{"rendered":"https:\/\/ribeirodigital.com.br\/?page_id=1627"},"modified":"2025-02-23T19:27:33","modified_gmt":"2025-02-23T22:27:33","slug":"politica-de-privacidade","status":"publish","type":"page","link":"https:\/\/ribeirodigital.com.br\/index.php\/politica-de-privacidade\/","title":{"rendered":"Pol\u00edtica de Privacidade"},"content":{"rendered":"\t\t<div data-elementor-type=\"wp-page\" data-elementor-id=\"1627\" class=\"elementor elementor-1627\">\n\t\t\t\t<div class=\"elementor-element elementor-element-0c56d1f e-flex e-con-boxed e-con e-parent\" data-id=\"0c56d1f\" data-element_type=\"container\">\n\t\t\t\t\t<div class=\"e-con-inner\">\n\t\t\t\t<div class=\"elementor-element elementor-element-96f8599 elementor-widget elementor-widget-text-editor\" data-id=\"96f8599\" data-element_type=\"widget\" data-widget_type=\"text-editor.default\">\n\t\t\t\t<div class=\"elementor-widget-container\">\n\t\t\t<style>\/*! elementor - v3.21.0 - 25-04-2024 *\/\n.elementor-widget-text-editor.elementor-drop-cap-view-stacked .elementor-drop-cap{background-color:#69727d;color:#fff}.elementor-widget-text-editor.elementor-drop-cap-view-framed .elementor-drop-cap{color:#69727d;border:3px solid;background-color:transparent}.elementor-widget-text-editor:not(.elementor-drop-cap-view-default) .elementor-drop-cap{margin-top:8px}.elementor-widget-text-editor:not(.elementor-drop-cap-view-default) .elementor-drop-cap-letter{width:1em;height:1em}.elementor-widget-text-editor .elementor-drop-cap{float:left;text-align:center;line-height:1;font-size:50px}.elementor-widget-text-editor .elementor-drop-cap-letter{display:inline-block}<\/style>\t\t\t\t<h1>Pol\u00edtica de Privacidade da Ribeiro Digital<\/h1><p>Bem-vindo \u00e0 Ribeiro Digital, com sede na Brasil. Nosso compromisso \u00e9 com a integridade e a seguran\u00e7a dos dados pessoais dos nossos usu\u00e1rios e clientes. Esta Pol\u00edtica de Privacidade aplica-se a todas as intera\u00e7\u00f5es digitais realizadas em nosso site www.ribeirodigital.com.br, servi\u00e7os associados, aplicativos m\u00f3veis e outras plataformas digitais sob nosso controle.<\/p><p>Ao acessar e utilizar nossas plataformas, voc\u00ea reconhece e concorda com as pr\u00e1ticas descritas nesta pol\u00edtica. N\u00f3s tratamos a prote\u00e7\u00e3o de seus dados pessoais com a m\u00e1xima seriedade e nos comprometemos a process\u00e1-los de forma respons\u00e1vel, transparente e segura.<\/p><h2>Defini\u00e7\u00f5es<\/h2><ul><li>\u201cDados Pessoais\u201d s\u00e3o informa\u00e7\u00f5es que identificam ou podem identificar uma pessoa natural.<\/li><li>\u201cDados Pessoais Sens\u00edveis\u201d s\u00e3o informa\u00e7\u00f5es que revelam caracter\u00edsticas pessoais \u00edntimas, como origem racial, convic\u00e7\u00f5es religiosas, opini\u00f5es pol\u00edticas, dados gen\u00e9ticos ou biom\u00e9tricos.<\/li><li>\u201cTratamento de Dados Pessoais\u201d abrange qualquer opera\u00e7\u00e3o com Dados Pessoais, como coleta, registro, armazenamento, uso, compartilhamento ou destrui\u00e7\u00e3o.<\/li><li>\u201cLeis de Prote\u00e7\u00e3o de Dados\u201d s\u00e3o todas as leis que regulamentam o Tratamento de Dados Pessoais, incluindo a LGPD (Lei Geral de Prote\u00e7\u00e3o de Dados Pessoais, Lei n\u00ba 13.709\/18).<\/li><\/ul><h2>Dados Coletados e Motivos da Coleta<\/h2><p>N\u00f3s coletamos e processamos os seguintes tipos de dados pessoais:<\/p><ul><li>Informa\u00e7\u00f5es Fornecidas por Voc\u00ea: Isso inclui, mas n\u00e3o se limita a, nome, sobrenome, endere\u00e7o de e-mail, endere\u00e7o f\u00edsico, informa\u00e7\u00f5es de pagamento e quaisquer outras informa\u00e7\u00f5es que voc\u00ea optar por fornecer ao criar uma conta, fazer uma compra ou interagir com nossos servi\u00e7os de atendimento ao cliente.<\/li><li>Informa\u00e7\u00f5es Coletadas Automaticamente: Quando voc\u00ea visita nosso site, coletamos automaticamente informa\u00e7\u00f5es sobre seu dispositivo e sua intera\u00e7\u00e3o com nosso site. Isso pode incluir dados como seu endere\u00e7o IP, tipo de navegador, detalhes do dispositivo, fuso hor\u00e1rio, p\u00e1ginas visitadas, produtos visualizados, sites ou termos de busca que o direcionaram ao nosso site, e informa\u00e7\u00f5es sobre como voc\u00ea interage com nosso site.<\/li><\/ul><h2>Uso de Cookies e Tecnologias de Rastreamento<\/h2><p>A Ribeiro Digital utiliza cookies, que s\u00e3o pequenos arquivos de texto armazenados no seu dispositivo, e outras tecnologias de rastreamento para melhorar a experi\u00eancia do usu\u00e1rio em nosso site www.ribeirodigital.com.br, entender como nossos servi\u00e7os s\u00e3o utilizados e otimizar nossas estrat\u00e9gias de marketing.<\/p><h3>Tipos de Cookies Utilizados:<\/h3><ul><li>Cookies Essenciais: Essenciais para o funcionamento do site, permitindo que voc\u00ea navegue e use suas funcionalidades. Sem esses cookies, servi\u00e7os como carrinho de compras e processamento de pagamento n\u00e3o podem ser fornecidos.<\/li><li>Cookies de Desempenho e Anal\u00edticos: Coletam informa\u00e7\u00f5es sobre como os visitantes usam o nosso site, quais p\u00e1ginas s\u00e3o visitadas com mais frequ\u00eancia e se eles recebem mensagens de erro. Esses cookies s\u00e3o usados apenas para melhorar o desempenho e a experi\u00eancia do usu\u00e1rio no site.<\/li><li>Cookies de Funcionalidade: Permitem que o site lembre de escolhas que voc\u00ea faz (como seu nome de usu\u00e1rio, idioma ou a regi\u00e3o em que voc\u00ea est\u00e1) e forne\u00e7a recursos aprimorados e mais pessoais.<\/li><li>Cookies de Publicidade e Redes Sociais: Usados para oferecer an\u00fancios mais relevantes para voc\u00ea e seus interesses. Eles tamb\u00e9m s\u00e3o usados para limitar o n\u00famero de vezes que voc\u00ea v\u00ea um an\u00fancio, bem como ajudar a medir a efic\u00e1cia das campanhas publicit\u00e1rias.<\/li><\/ul><h2>Finalidades do Processamento de Dados<\/h2><p>Os dados coletados s\u00e3o utilizados para:<\/p><ul><li>Proporcionar, operar e melhorar nossos servi\u00e7os e ofertas;<\/li><li>Processar suas transa\u00e7\u00f5es e enviar notifica\u00e7\u00f5es relacionadas a suas compras;<\/li><li>Personalizar sua experi\u00eancia de usu\u00e1rio e recomendar conte\u00fado ou produtos que possam ser do seu interesse;<\/li><li>Comunicar informa\u00e7\u00f5es importantes, ofertas e promo\u00e7\u00f5es, conforme sua prefer\u00eancia de comunica\u00e7\u00e3o;<\/li><li>Realizar an\u00e1lises internas para desenvolver e aprimorar nossos servi\u00e7os;<\/li><li>Cumprir obriga\u00e7\u00f5es legais e regulat\u00f3rias aplic\u00e1veis.<\/li><\/ul><h2>Compartilhamento e Transfer\u00eancia de Dados Pessoais<\/h2><p>N\u00f3s podemos compartilhar seus dados pessoais com terceiros nas seguintes circunst\u00e2ncias:<\/p><ul><li>Com fornecedores de servi\u00e7os e parceiros que nos auxiliam nas opera\u00e7\u00f5es de neg\u00f3cio, desde que estes atuem em conformidade com nossas diretrizes de prote\u00e7\u00e3o de dados e com a legisla\u00e7\u00e3o aplic\u00e1vel;<\/li><li>Para cumprir com obriga\u00e7\u00f5es legais, responder a processos judiciais, ou proteger nossos direitos e propriedades, bem como a seguran\u00e7a de nossos clientes e do p\u00fablico;<\/li><li>Em caso de reestrutura\u00e7\u00e3o corporativa, venda, fus\u00e3o ou outra transfer\u00eancia de ativos, garantindo que a entidade receptora concorde em respeitar a privacidade de seus dados de acordo com uma pol\u00edtica equivalente \u00e0 nossa.<\/li><\/ul><h2>Links para outros sites e redes sociais<\/h2><p>Nossa plataforma pode incluir links para sites externos de parceiros, anunciantes e fornecedores. Clicar nesses links implica que voc\u00ea ser\u00e1 direcionado para fora do nosso site, entrando em dom\u00ednios que seguem suas pr\u00f3prias pol\u00edticas de privacidade, pelas quais n\u00e3o somos respons\u00e1veis.<\/p><p>Recomendamos a leitura atenta dessas pol\u00edticas antes de fornecer qualquer dado pessoal. Da mesma forma, n\u00e3o assumimos responsabilidade pelas pr\u00e1ticas de privacidade de terceiros como Facebook, Apple, Google e Microsoft. Aconselhamos voc\u00ea a se informar sobre as pol\u00edticas de privacidade dessas entidades ao utilizar seus servi\u00e7os ou aplicativos.<\/p><h2>Direitos dos Titulares dos Dados<\/h2><p>Voc\u00ea possui diversos direitos em rela\u00e7\u00e3o aos seus dados pessoais, incluindo:<\/p><ul><li>O direito de acesso, retifica\u00e7\u00e3o ou exclus\u00e3o de seus dados pessoais sob nossa posse;<\/li><li>O direito de limitar ou se opor ao nosso processamento de seus dados;<\/li><li>O direito \u00e0 portabilidade de dados;<\/li><li>O direito de retirar seu consentimento a qualquer momento, quando o processamento for baseado em consentimento.<\/li><\/ul><p>Para exercer esses direitos, entre em contato conosco atrav\u00e9s de ribeiro.digital@ribeirodigital.com.br.<\/p><h2>Seguran\u00e7a dos Dados<\/h2><p>Implementamos medidas de seguran\u00e7a t\u00e9cnica e organizacional para proteger seus dados pessoais contra acesso n\u00e3o autorizado, altera\u00e7\u00e3o, divulga\u00e7\u00e3o ou destrui\u00e7\u00e3o. No entanto, \u00e9 importante notar que nenhum sistema \u00e9 completamente seguro. Nos comprometemos a notificar voc\u00ea e qualquer autoridade aplic\u00e1vel de quaisquer brechas de seguran\u00e7a de acordo com a legisla\u00e7\u00e3o vigente.<\/p><h2>Altera\u00e7\u00f5es na Pol\u00edtica de Privacidade<\/h2><p>Nossa Pol\u00edtica de Privacidade pode ser atualizada periodicamente. A vers\u00e3o mais atual ser\u00e1 sempre publicada em nosso site, indicando a data da \u00faltima revis\u00e3o. Encorajamos voc\u00ea a revisar regularmente nossa pol\u00edtica para estar sempre informado sobre como estamos protegendo seus dados.<\/p><h2>Contato<\/h2><p>Se tiver d\u00favidas ou preocupa\u00e7\u00f5es sobre nossa Pol\u00edtica de Privacidade ou pr\u00e1ticas de dados, por favor, n\u00e3o hesite em nos contatar em ribeiro.digital@ribeirodigital.com.br. Estamos comprometidos em resolver quaisquer quest\u00f5es relacionadas \u00e0 privacidade de nossos usu\u00e1rios e clientes.<\/p>\t\t\t\t\t\t<\/div>\n\t\t\t\t<\/div>\n\t\t\t\t\t<\/div>\n\t\t\t\t<\/div>\n\t\t\t\t<\/div>\n\t\t","protected":false},"excerpt":{"rendered":"<p>Pol\u00edtica de Privacidade da Ribeiro Digital Bem-vindo \u00e0 Ribeiro Digital, com sede na Brasil. Nosso compromisso \u00e9 com a integridade e a seguran\u00e7a dos dados pessoais dos nossos usu\u00e1rios e clientes. Esta Pol\u00edtica de Privacidade aplica-se a todas as intera\u00e7\u00f5es digitais realizadas em nosso site www.ribeirodigital.com.br, servi\u00e7os associados, aplicativos m\u00f3veis e outras plataformas digitais sob [&hellip;]<\/p>\n","protected":false},"author":1,"featured_media":0,"parent":0,"menu_order":0,"comment_status":"closed","ping_status":"closed","template":"elementor_canvas","meta":{"_monsterinsights_skip_tracking":false,"_monsterinsights_sitenote_active":false,"_monsterinsights_sitenote_note":"","_monsterinsights_sitenote_category":0,"footnotes":""},"class_list":["post-1627","page","type-page","status-publish","hentry"],"aioseo_notices":[],"_links":{"self":[{"href":"https:\/\/ribeirodigital.com.br\/index.php\/wp-json\/wp\/v2\/pages\/1627","targetHints":{"allow":["GET"]}}],"collection":[{"href":"https:\/\/ribeirodigital.com.br\/index.php\/wp-json\/wp\/v2\/pages"}],"about":[{"href":"https:\/\/ribeirodigital.com.br\/index.php\/wp-json\/wp\/v2\/types\/page"}],"author":[{"embeddable":true,"href":"https:\/\/ribeirodigital.com.br\/index.php\/wp-json\/wp\/v2\/users\/1"}],"replies":[{"embeddable":true,"href":"https:\/\/ribeirodigital.com.br\/index.php\/wp-json\/wp\/v2\/comments?post=1627"}],"version-history":[{"count":4,"href":"https:\/\/ribeirodigital.com.br\/index.php\/wp-json\/wp\/v2\/pages\/1627\/revisions"}],"predecessor-version":[{"id":1631,"href":"https:\/\/ribeirodigital.com.br\/index.php\/wp-json\/wp\/v2\/pages\/1627\/revisions\/1631"}],"wp:attachment":[{"href":"https:\/\/ribeirodigital.com.br\/index.php\/wp-json\/wp\/v2\/media?parent=1627"}],"curies":[{"name":"wp","href":"https:\/\/api.w.org\/{rel}","templated":true}]}}